{"id":2,"date":"2022-03-18T13:25:15","date_gmt":"2022-03-18T13:25:15","guid":{"rendered":"https:\/\/www.arkomp24.pl\/blog\/?page_id=2"},"modified":"2022-03-23T20:09:50","modified_gmt":"2022-03-23T20:09:50","slug":"o-firmie","status":"publish","type":"page","link":"https:\/\/www.arkomp24.pl\/blog\/","title":{"rendered":"Dane Adresowe"},"content":{"rendered":"\n<p><\/p>\n\n\n\n<p>FIRMA HANDLOWO US\u0141UGOWA ARKOMP <\/p>\n\n\n\n<p>Arkadiusz Kr\u00f3l<\/p>\n\n\n\n<p>ul. Bydgoska 1\/1 <\/p>\n\n\n\n<p>77-430 Krajenka<\/p>\n\n\n\n<p>tel 602389171 email a.krol@arkomp24.pl<\/p>\n\n\n\n<p>Firma zajmuje si\u0119 wdra\u017caniem i obs\u0142ug\u0105 system\u00f3w IT.<\/p>\n\n\n\n<p><\/p>\n","protected":false},"excerpt":{"rendered":"<p>FIRMA HANDLOWO US\u0141UGOWA ARKOMP Arkadiusz Kr\u00f3l ul. Bydgoska 1\/1 77-430 Krajenka tel 602389171 email a.krol@arkomp24.pl Firma zajmuje si\u0119 wdra\u017caniem i obs\u0142ug\u0105 system\u00f3w IT.<\/p>\n","protected":false},"author":1,"featured_media":0,"parent":0,"menu_order":0,"comment_status":"closed","ping_status":"open","template":"","meta":{"footnotes":""},"class_list":["post-2","page","type-page","status-publish","hentry"],"_links":{"self":[{"href":"https:\/\/www.arkomp24.pl\/blog\/index.php\/wp-json\/wp\/v2\/pages\/2","targetHints":{"allow":["GET"]}}],"collection":[{"href":"https:\/\/www.arkomp24.pl\/blog\/index.php\/wp-json\/wp\/v2\/pages"}],"about":[{"href":"https:\/\/www.arkomp24.pl\/blog\/index.php\/wp-json\/wp\/v2\/types\/page"}],"author":[{"embeddable":true,"href":"https:\/\/www.arkomp24.pl\/blog\/index.php\/wp-json\/wp\/v2\/users\/1"}],"replies":[{"embeddable":true,"href":"https:\/\/www.arkomp24.pl\/blog\/index.php\/wp-json\/wp\/v2\/comments?post=2"}],"version-history":[{"count":3,"href":"https:\/\/www.arkomp24.pl\/blog\/index.php\/wp-json\/wp\/v2\/pages\/2\/revisions"}],"predecessor-version":[{"id":23,"href":"https:\/\/www.arkomp24.pl\/blog\/index.php\/wp-json\/wp\/v2\/pages\/2\/revisions\/23"}],"wp:attachment":[{"href":"https:\/\/www.arkomp24.pl\/blog\/index.php\/wp-json\/wp\/v2\/media?parent=2"}],"curies":[{"name":"wp","href":"https:\/\/api.w.org\/{rel}","templated":true}]}}